{"id":1961,"date":"2021-12-02T14:21:30","date_gmt":"2021-12-02T14:21:30","guid":{"rendered":"https:\/\/sustainable-data-platform.org\/?page_id=1961"},"modified":"2021-12-17T19:33:11","modified_gmt":"2021-12-17T19:33:11","slug":"wp-cockpit","status":"publish","type":"page","link":"https:\/\/sustainable-data-platform.org\/en\/wp-cockpit\/","title":{"rendered":"WP-Cockpit"},"content":{"rendered":"\n<h6 class=\"wp-block-heading\"><strong>The efficiency and cost control for private heat pumps<\/strong> <\/h6>\n\n\n\n<p class=\"has-primary-color has-text-color has-small-font-size\">The independent WP-Cockpit initiative is stepping up to ensure that heat pumps can adequately fulfill their important role in the energy system of the future. For the control of heating costs and emissions, the WP-Cockpit, which has been successfully introduced in Switzerland, will also be made available free of charge to private households in Germany from 2022.<\/p>\n\n\n\n<p class=\"has-primary-color has-text-color has-small-font-size\">The Energy Agency St. Gallen, the Fraunhofer Institute for Solar Energy Systems ISE and the Energy Efficiency Foundation have contributed their many years of experience in the quality assurance of heat pumps to the development of the app. A certified metering set was coordinated with Engelmann Sensor GmbH for automatic meter reading.<\/p>\n\n\n\n<div class=\"wp-block-buttons is-content-justification-center is-layout-flex wp-block-buttons-is-layout-flex\">\n<div class=\"wp-block-button\"><a class=\"wp-block-button__link has-background\" href=\"https:\/\/wp-cockpit.de\/en\/\" style=\"border-radius:16px;background-color:#003399\" target=\"_blank\" rel=\"noreferrer noopener\">Information<\/a><\/div>\n\n\n\n<div class=\"wp-block-button\"><a class=\"wp-block-button__link has-background\" href=\"https:\/\/hp-cockpit.org\/hpc-app\/\" style=\"border-radius:16px;background-color:#f28007\" target=\"_blank\" rel=\"noreferrer noopener\">Check App<\/a><\/div>\n<\/div>\n\n\n\n<p class=\"has-primary-color has-text-color has-small-font-size\">The measurement results collected with the WP-cockpit app are validated and made available anonymously to enable all interested parties to evaluate and optimize the efficiency of heat pumps on the basis of the data obtained.<\/p>\n\n\n\n<hr class=\"wp-block-separator has-text-color has-background is-style-default\" style=\"background-color:#f38007;color:#f38007\"\/>\n\n\n\n<h6 class=\"has-text-color wp-block-heading\" style=\"color:#f38007\">Support idea and team<\/h6>\n\n\n\n<p class=\"has-primary-color has-text-color has-small-font-size\">The Energy Agency St. Gallen, the Fraunhofer Institute for Solar Energy Systems ISE and the Energy Efficiency Foundation provide the heat-pump-check free of charge for end users.<\/p>\n\n\n\n<p class=\"has-primary-color has-text-color has-small-font-size\">The non-profit development of the app is carried out with the help of donations and volunteer work in accordance with the code of the sustainable data platform. Your support ensures the independent further development.<\/p>\n\n\n\n<div class=\"wp-block-buttons is-content-justification-center is-layout-flex wp-block-buttons-is-layout-flex\">\n<div class=\"wp-block-button\"><a class=\"wp-block-button__link has-text-color has-background\" href=\"https:\/\/sustainable-data-platform.org\/en\/support\/\" style=\"border-radius:16px;background-color:#f28007;color:#fffffa\" target=\"_blank\" rel=\"https:\/\/sustainable-data-platform.org\/impressum noopener\">Support<\/a><\/div>\n<\/div>\n\n\n<div class=\"n2-section-smartslider fitvidsignore  n2_clear\" data-ssid=\"17\" tabindex=\"0\" role=\"region\" aria-label=\"Slider\"><div id=\"n2-ss-17-align\" class=\"n2-ss-align\"><div class=\"n2-padding\"><div id=\"n2-ss-17\" data-creator=\"Smart Slider 3\" data-responsive=\"fullwidth\" class=\"n2-ss-slider n2-ow n2-has-hover n2notransition  \">\n\n\n\n<div class=\"n2-ss-slider-wrapper-inside\">\n        <div class=\"n2-ss-slider-1 n2_ss__touch_element n2-ow\">\n            <div class=\"n2-ss-slider-2 n2-ow\">\n                                                <div class=\"n2-ss-slider-3 n2-ow\">\n\n                    <div class=\"n2-ss-slide-backgrounds n2-ow-all\"><div class=\"n2-ss-slide-background\" data-public-id=\"1\" data-mode=\"fill\"><div data-color=\"RGBA(255,255,255,0)\" style=\"background-color: RGBA(255,255,255,0);\" class=\"n2-ss-slide-background-color\"><\/div><\/div><div class=\"n2-ss-slide-background\" data-public-id=\"2\" data-mode=\"fill\" aria-hidden=\"true\"><div data-color=\"RGBA(255,255,255,0)\" style=\"background-color: RGBA(255,255,255,0);\" class=\"n2-ss-slide-background-color\"><\/div><\/div><\/div>                    <div class=\"n2-ss-slider-4 n2-ow\">\n                        <svg xmlns=\"http:\/\/www.w3.org\/2000\/svg\" viewBox=\"0 0 1200 600\" data-related-device=\"desktopPortrait\" class=\"n2-ow n2-ss-preserve-size n2-ss-preserve-size--slider n2-ss-slide-limiter\"><\/svg><div data-first=\"1\" data-slide-duration=\"0\" data-id=\"64\" data-slide-public-id=\"1\" data-title=\"Slide\" class=\"n2-ss-slide n2-ow  n2-ss-slide-64\"><div role=\"note\" class=\"n2-ss-slide--focus\" tabindex=\"-1\">Slide<\/div><div class=\"n2-ss-layers-container n2-ss-slide-limiter n2-ow\"><div class=\"n2-ss-layer n2-ow n-uc-qrOUKSaIGp2Z\" data-sstype=\"slide\" data-pm=\"default\"><div class=\"n2-ss-layer n2-ow n-uc-166bb91dd84f7\" data-pm=\"default\" data-sstype=\"content\" data-hasbackground=\"0\"><div class=\"n2-ss-section-main-content n2-ss-layer-with-background n2-ss-layer-content n2-ow n-uc-166bb91dd84f7-inner\"><div class=\"n2-ss-layer n2-ow n-uc-jPcf9XOwZMPH n2-ss-layer--auto\" data-pm=\"normal\" data-sstype=\"layer\"><div id=\"n2-ss-17item1\" class=\"n2-font-ab32f89965e0a26858303adbc18667d9-hover   n2-ss-item-content n2-ss-text n2-ow\" style=\"display:inline-block;\">Kristina Huch <br><\/div><\/div><div class=\"n2-ss-layer n2-ow n2-ss-layer--block n2-ss-has-self-align n-uc-176c0b01dc326\" data-pm=\"normal\" data-sstype=\"row\"><div class=\"n2-ss-layer-row n2-ss-layer-with-background n-uc-176c0b01dc326-inner\"><div class=\"n2-ss-layer-row-inner \"><div class=\"n2-ss-layer n2-ow n-uc-1ee4264cbd52e\" data-pm=\"default\" data-sstype=\"col\"><div class=\"n2-ss-layer-col n2-ss-layer-with-background n2-ss-layer-content n-uc-1ee4264cbd52e-inner\"><div class=\"n2-ss-layer n2-ow n-uc-LS1bQIwkDVuM\" style=\"overflow:hidden;\" data-pm=\"normal\" data-sstype=\"layer\"><div class=\" n2-ss-item-image-content n2-ss-item-content n2-ow-all\"><picture class=\"skip-lazy\" data-skip-lazy=\"1\"><img loading=\"lazy\" decoding=\"async\" id=\"n2-ss-17item2\" alt=\"\" class=\"skip-lazy\" width=\"605\" height=\"605\" data-skip-lazy=\"1\" src=\"\/\/sustainable-data-platform.org\/wp-content\/uploads\/2021\/09\/Head-KH_r.png\" \/><\/picture><\/div><\/div><\/div><\/div><div class=\"n2-ss-layer n2-ow n-uc-1ee243fbd23ea\" data-pm=\"default\" data-sstype=\"col\"><div class=\"n2-ss-layer-col n2-ss-layer-with-background n2-ss-layer-content n-uc-1ee243fbd23ea-inner\"><div class=\"n2-ss-layer n2-ow n-uc-xlGMuMPQWDZD\" data-pm=\"normal\" data-sstype=\"layer\"><div class=\"n2-ss-item-content n2-ss-text n2-ow-all\"><div class=\"\"><p class=\"n2-font-ef6d61d840e3f4c60ce6163590dfb7b7-paragraph   \">\u201eEin Drittel der bundesdeutschen Emissionen fallen allein auf Strom- und W\u00e4rmenutzung im Geb\u00e4ude. Wir haben hier also einen riesigen Hebel. Wie k\u00f6nnen wir ihn am besten bewegen? In der Antwort auf diese Frage gehen die Sto\u00dfrichtungen von sdp und Comgy stark parallel.\u00a0Zwei S\u00e4ulen sind essenziell: <\/p>\n<p class=\"n2-font-ef6d61d840e3f4c60ce6163590dfb7b7-paragraph   \">Die Datenverf\u00fcgbarkeit durch m\u00f6glichst geringen manuellen Aufwand &#8211; Stichwort Automation &#8211; und die Auswertung und das R\u00fcckspielen der Daten an den Endnutzer. Realit\u00e4t ist hier immer noch viel zu h\u00e4ufig die r\u00fcckwirkende Abrechnung mit gro\u00dfem Zeitversatz. Was m\u00f6glich ist, ist ein einfach verst\u00e4ndliches Echtzeit-Feedback, das Reduktionspotentiale identifiziert, Ma\u00dfnahmen nennt und Erfolge \u00fcberwacht.\u201c<\/p>\n<\/div><\/div><\/div><div class=\"n2-ss-layer n2-ow n2-ss-layer--block n2-ss-has-self-align n-uc-1757e37f5d94d\" data-pm=\"normal\" data-sstype=\"row\"><div class=\"n2-ss-layer-row n2-ss-layer-with-background n-uc-1757e37f5d94d-inner\"><div class=\"n2-ss-layer-row-inner \"><div class=\"n2-ss-layer n2-ow n-uc-1b5f2c1430e42\" data-pm=\"default\" data-sstype=\"col\"><div class=\"n2-ss-layer-col n2-ss-layer-with-background n2-ss-layer-content n-uc-1b5f2c1430e42-inner\"><div class=\"n2-ss-layer n2-ow n-uc-a56dcew8YjYW\" data-pm=\"normal\" data-sstype=\"layer\"><div class=\"n2-ss-item-content n2-ss-text n2-ow-all\"><div class=\"\"><p class=\"n2-font-047f71ab8f558d1c96fed9f4e371ab0a-paragraph   \">Sustainability Manager,<br \/>\nComgy GmbH<\/p>\n<\/div><\/div><\/div><\/div><\/div><div class=\"n2-ss-layer n2-ow n-uc-1cc06e07f1ee2\" data-pm=\"default\" data-sstype=\"col\"><div class=\"n2-ss-layer-col n2-ss-layer-with-background n2-ss-layer-content n-uc-1cc06e07f1ee2-inner\"><div class=\"n2-ss-layer n2-ow n-uc-3NnmbZurqZXV\" data-pm=\"normal\" data-sstype=\"layer\"><div class=\" n2-ss-item-image-content n2-ss-item-content n2-ow-all\"><picture class=\"skip-lazy\" data-skip-lazy=\"1\"><img loading=\"lazy\" decoding=\"async\" id=\"n2-ss-17item5\" alt=\"\" class=\"skip-lazy\" width=\"537\" height=\"120\" data-skip-lazy=\"1\" src=\"\/\/sustainable-data-platform.org\/wp-content\/uploads\/2021\/09\/comgy-logo-retina.png\" \/><\/picture><\/div><\/div><\/div><\/div><\/div><\/div><\/div><\/div><\/div><\/div><\/div><\/div><\/div><\/div><\/div><\/div><\/div><div data-slide-duration=\"0\" data-id=\"70\" data-slide-public-id=\"2\" aria-hidden=\"true\" data-title=\"Slide\" class=\"n2-ss-slide n2-ow  n2-ss-slide-70\"><div role=\"note\" class=\"n2-ss-slide--focus\" tabindex=\"-1\">Slide<\/div><div class=\"n2-ss-layers-container n2-ss-slide-limiter n2-ow\"><div class=\"n2-ss-layer n2-ow n-uc-ptNqq0xLTDn1\" data-sstype=\"slide\" data-pm=\"default\"><div class=\"n2-ss-layer n2-ow n-uc-DEuVwBNahcge\" data-pm=\"default\" data-sstype=\"content\" data-hasbackground=\"1\"><div class=\"n2-ss-section-main-content n2-ss-layer-with-background n2-ss-layer-content n2-ow n-uc-DEuVwBNahcge-inner\"><div class=\"n2-ss-layer n2-ow n-uc-4ii3LU4T77oG n2-ss-layer--auto\" data-pm=\"normal\" data-sstype=\"layer\"><div id=\"n2-ss-17item6\" class=\"n2-font-ab32f89965e0a26858303adbc18667d9-hover   n2-ss-item-content n2-ss-text n2-ow\" style=\"display:inline-block;\">Michael Keuthen<\/div><\/div><div class=\"n2-ss-layer n2-ow n2-ss-layer--block n2-ss-has-self-align n-uc-MYjJ6EhUxGaC\" data-pm=\"normal\" data-sstype=\"row\"><div class=\"n2-ss-layer-row n2-ss-layer-with-background n-uc-MYjJ6EhUxGaC-inner\"><div class=\"n2-ss-layer-row-inner \"><div class=\"n2-ss-layer n2-ow n-uc-D4yfKHOOuAH6\" data-pm=\"default\" data-sstype=\"col\"><div class=\"n2-ss-layer-col n2-ss-layer-with-background n2-ss-layer-content n-uc-D4yfKHOOuAH6-inner\"><div class=\"n2-ss-layer n2-ow n-uc-GGhfAPGja79i\" style=\"overflow:hidden;\" data-pm=\"normal\" data-sstype=\"layer\"><div class=\" n2-ss-item-image-content n2-ss-item-content n2-ow-all\"><picture class=\"skip-lazy\" data-skip-lazy=\"1\"><img decoding=\"async\" id=\"n2-ss-17item7\" alt=\"\" class=\"skip-lazy\" loading=\"lazy\" width=\"568\" height=\"591\" data-skip-lazy=\"1\" src=\"\/\/sustainable-data-platform.org\/wp-content\/uploads\/2021\/09\/Head_MK_r.jpg\" \/><\/picture><\/div><\/div><\/div><\/div><div class=\"n2-ss-layer n2-ow n-uc-tYrfeIzfqeVV\" data-pm=\"default\" data-sstype=\"col\"><div class=\"n2-ss-layer-col n2-ss-layer-with-background n2-ss-layer-content n-uc-tYrfeIzfqeVV-inner\"><div class=\"n2-ss-layer n2-ow n-uc-BNqk5rBGyJug\" data-pm=\"normal\" data-sstype=\"layer\"><div class=\"n2-ss-item-content n2-ss-text n2-ow-all\"><div class=\"\"><p class=\"n2-font-ef6d61d840e3f4c60ce6163590dfb7b7-paragraph   \">&#8220;Wir haben in den Gespr\u00e4chen mit der Fraunhofer Gesellschaft, der Energieagentur St. Gallen und der Stiftung Energieeffizienz gelernt, dass viele W\u00e4rmepumpensysteme ihre Potenziale hinsichtlich Jahresarbeitszahl und damit Stromkosten und Emissionen nicht heben. <\/p>\n<p class=\"n2-font-ef6d61d840e3f4c60ce6163590dfb7b7-paragraph   \">Daher hat Engelmann ein Messsystem-Set entwickelt, um korrekte Daten zu Stromverbrauch und W\u00e4rmemengen zur Begrenzung von Stromkosten und Emissionen zur Verf\u00fcgung zu stellen. Diese Daten werden zur kostenfreien Auswertung und Darstellung an die unabh\u00e4ngige sdp &#8211; Sustainable Data Platform gesendet. Die Besitzer von W\u00e4rmepumpen bekommen diese Daten transparent dargestellt, um die Effizienz ihrer Anlage zu kontrollieren. <\/p>\n<p class=\"n2-font-ef6d61d840e3f4c60ce6163590dfb7b7-paragraph   \">Wir sind stolz, unsere mehr als 40-j\u00e4hrige Erfahrung in W\u00e4rmemengenz\u00e4hlung und Smart Metering Systemen einzubringen, um den Klimaschutz in der Anwendung von W\u00e4rmepumpen zu unterst\u00fctzen.&#8221;<\/p>\n<\/div><\/div><\/div><div class=\"n2-ss-layer n2-ow n2-ss-layer--block n2-ss-has-self-align n-uc-TQ6eoUeVCw2z\" data-pm=\"normal\" data-sstype=\"row\"><div class=\"n2-ss-layer-row n2-ss-layer-with-background n-uc-TQ6eoUeVCw2z-inner\"><div class=\"n2-ss-layer-row-inner \"><div class=\"n2-ss-layer n2-ow n-uc-Zb08Rz0F2RLN\" data-pm=\"default\" data-sstype=\"col\"><div class=\"n2-ss-layer-col n2-ss-layer-with-background n2-ss-layer-content n-uc-Zb08Rz0F2RLN-inner\"><div class=\"n2-ss-layer n2-ow n-uc-1SEYXK7bJa7V\" data-pm=\"normal\" data-sstype=\"layer\"><div class=\"n2-ss-item-content n2-ss-text n2-ow-all\"><div class=\"\"><p class=\"n2-font-047f71ab8f558d1c96fed9f4e371ab0a-paragraph   \">Geschaftsf\u00fchrer | CEO<br \/>\nEngelmann GmbH<\/p>\n<\/div><\/div><\/div><\/div><\/div><div class=\"n2-ss-layer n2-ow n-uc-xLEQ02jZXRMP\" data-pm=\"default\" data-sstype=\"col\"><div class=\"n2-ss-layer-col n2-ss-layer-with-background n2-ss-layer-content n-uc-xLEQ02jZXRMP-inner\"><div class=\"n2-ss-layer n2-ow n-uc-NytE2YPh3GCD\" data-pm=\"normal\" data-sstype=\"layer\"><div class=\" n2-ss-item-image-content n2-ss-item-content n2-ow-all\"><picture class=\"skip-lazy\" data-skip-lazy=\"1\"><img decoding=\"async\" id=\"n2-ss-17item10\" alt=\"\" class=\"skip-lazy\" loading=\"lazy\" width=\"379\" height=\"96\" data-skip-lazy=\"1\" src=\"\/\/sustainable-data-platform.org\/wp-content\/uploads\/2021\/09\/Logo-Engelmann.jpg\" \/><\/picture><\/div><\/div><\/div><\/div><\/div><\/div><\/div><\/div><\/div><\/div><\/div><\/div><\/div><\/div><\/div><\/div><\/div>                    <\/div>\n\n                                    <\/div>\n            <\/div>\n        <\/div>\n        <div class=\"n2-ss-slider-controls n2-ss-slider-controls-absolute-center-bottom\"><div style=\"--widget-offset:10px;\" class=\"n2-ss-widget n2-ss-control-bullet n2-ow-all n2-ss-control-bullet-horizontal\"><div class=\" nextend-bullet-bar n2-bar-justify-content-center\" role=\"group\" aria-label=\"Choose slide to display.\"><div class=\"n2-bullet n2-style-1b63db3aa0abdb8edd4ab4e9709ae8df-dot \" style=\"visibility:hidden;\"><\/div><\/div><\/div><\/div><\/div><\/div><ss3-loader><\/ss3-loader><\/div><\/div><div class=\"n2_clear\"><\/div><\/div>\n\n\n<p><\/p>\n","protected":false},"excerpt":{"rendered":"<p>The efficiency and cost control for private heat pumps The independent WP-Cockpit initiative is stepping up to ensure that heat pumps can adequately fulfill their important role in the energy system of the future. For the control of heating costs and emissions, the WP-Cockpit, which has been successfully introduced in Switzerland, will also be made<a class=\"more-link\" href=\"https:\/\/sustainable-data-platform.org\/en\/wp-cockpit\/\">Continue reading <span class=\"screen-reader-text\">&#8220;WP-Cockpit&#8221;<\/span><\/a><\/p>\n","protected":false},"author":2,"featured_media":0,"parent":0,"menu_order":0,"comment_status":"closed","ping_status":"closed","template":"","meta":{"inline_featured_image":false,"footnotes":""},"class_list":["post-1961","page","type-page","status-publish","hentry","entry"],"translation":{"provider":"WPGlobus","version":"3.0.0","language":"en","enabled_languages":["de","en"],"languages":{"de":{"title":true,"content":true,"excerpt":false},"en":{"title":true,"content":true,"excerpt":false}}},"_links":{"self":[{"href":"https:\/\/sustainable-data-platform.org\/en\/wp-json\/wp\/v2\/pages\/1961","targetHints":{"allow":["GET"]}}],"collection":[{"href":"https:\/\/sustainable-data-platform.org\/en\/wp-json\/wp\/v2\/pages"}],"about":[{"href":"https:\/\/sustainable-data-platform.org\/en\/wp-json\/wp\/v2\/types\/page"}],"author":[{"embeddable":true,"href":"https:\/\/sustainable-data-platform.org\/en\/wp-json\/wp\/v2\/users\/2"}],"replies":[{"embeddable":true,"href":"https:\/\/sustainable-data-platform.org\/en\/wp-json\/wp\/v2\/comments?post=1961"}],"version-history":[{"count":26,"href":"https:\/\/sustainable-data-platform.org\/en\/wp-json\/wp\/v2\/pages\/1961\/revisions"}],"predecessor-version":[{"id":2668,"href":"https:\/\/sustainable-data-platform.org\/en\/wp-json\/wp\/v2\/pages\/1961\/revisions\/2668"}],"wp:attachment":[{"href":"https:\/\/sustainable-data-platform.org\/en\/wp-json\/wp\/v2\/media?parent=1961"}],"curies":[{"name":"wp","href":"https:\/\/api.w.org\/{rel}","templated":true}]}}