{"id":2071,"date":"2021-10-26T18:44:34","date_gmt":"2021-10-26T19:44:34","guid":{"rendered":"https:\/\/sustainable-data-platform.org\/?page_id=2071"},"modified":"2024-08-27T14:04:57","modified_gmt":"2024-08-27T15:04:57","slug":"open-data-initiative","status":"publish","type":"page","link":"https:\/\/sustainable-data-platform.org\/en\/open-data-initiative\/","title":{"rendered":"open data Initiative"},"content":{"rendered":"\n<h6 class=\"has-text-color wp-block-heading\" style=\"color:#0d2898\"><strong> open data initiative for municipal climate neutrality<\/strong><\/h6>\n\n\n\n<p class=\"has-primary-color has-text-color has-small-font-size\">Whether you are a committed citizen, a member of the climate council or a mayor. GermanZero, Klimawatch, OK-Lab Karlsruhe and sdp invite you to the launch of the open data initiative for municipal climate neutrality. Date and location will be announced soon. Please let us know your interest.<\/p>\n\n\n\n<div class=\"wp-block-buttons is-content-justification-center is-layout-flex wp-block-buttons-is-layout-flex\">\n<div class=\"wp-block-button\"><a class=\"wp-block-button__link has-background-color has-text-color has-background\" href=\"https:\/\/sustainable-data-platform.org\/contact\/\" style=\"background-color:#0d2898\" target=\"_blank\" rel=\"noreferrer noopener\">contact us<\/a><\/div>\n<\/div>\n\n\n<div class=\"n2_clear\"><ss3-force-full-width data-overflow-x=\"body\" data-horizontal-selector=\"\"><div class=\"n2-section-smartslider fitvidsignore  n2_clear\" data-ssid=\"38\" tabindex=\"0\" role=\"region\" aria-label=\"Slider\"><div id=\"n2-ss-38-align\" class=\"n2-ss-align\"><div class=\"n2-padding\"><div id=\"n2-ss-38\" data-creator=\"Smart Slider 3\" data-responsive=\"fullwidth\" class=\"n2-ss-slider n2-ow n2-has-hover n2notransition   n2-ss-showcase-horizontal\">\n\n\n\n<div class=\"n2-ss-slider-wrapper-outside\" style=\"grid-template-rows:1fr auto\"><div class=\"n2-ss-slider-wrapper-inside\">        <div class=\"n2-ss-slider-1 n2_ss__touch_element n2-ow\">\n            <div class=\"n2-ss-slider-2 n2-ow\">\n                                <div class=\"n2-ss-slider-3 n2-ow\">\n                    <svg xmlns=\"http:\/\/www.w3.org\/2000\/svg\" viewBox=\"0 0 1920 500\" data-related-device=\"desktopPortrait\" class=\"n2-ow n2-ss-preserve-size n2-ss-preserve-size--slider n2-ss-slide-limiter\" style=\"max-width:1920px\"><\/svg>                    <div class=\"n2-ss-showcase-slides n2-ow\">\n                        <svg xmlns=\"http:\/\/www.w3.org\/2000\/svg\" viewBox=\"0 0 900 500\" class=\"n2-ow n2-ss-preserve-size n2-ss-slide-limiter\"><\/svg>\n                        <div data-first=\"1\" data-slide-duration=\"0\" data-id=\"301\" data-slide-public-id=\"1\" data-title=\"LocalZero2\" class=\"n2-ss-slide  n2-ss-slide-301 n2-ow\"><div class=\"n2-ss-slide-background\" data-public-id=\"1\" data-mode=\"stretch\"><div class=\"n2-ss-slide-background-image\" data-blur=\"0\" data-opacity=\"100\" data-x=\"50\" data-y=\"50\" data-alt=\"\" data-title=\"\"><picture class=\"skip-lazy\" data-skip-lazy=\"1\"><source srcset=\"\/\/sustainable-data-platform.org\/wp-content\/uploads\/slider\/cache\/1f0147a998bc734bd501bea68e5a678a\/ODI-Local_Zero.webp\" type=\"image\/webp\" media=\"(max-width: 500px)\" class=\"skip-lazy\" data-skip-lazy=\"1\"><source srcset=\"\/\/sustainable-data-platform.org\/wp-content\/uploads\/slider\/cache\/c2d4de8757f9daf9da13c28c3c11aa61\/ODI-Local_Zero.webp\" type=\"image\/webp\" class=\"skip-lazy\" data-skip-lazy=\"1\"><img decoding=\"async\" src=\"\/\/sustainable-data-platform.org\/wp-content\/uploads\/slider\/cache\/509d7c2232fe5dd830c94bcd0a9f7729\/ODI-Local_Zero.png\" alt=\"\" title=\"\" loading=\"lazy\" class=\"skip-lazy\" data-skip-lazy=\"1\"><\/picture><\/div><div data-color=\"RGBA(255,255,255,0)\" style=\"background-color: RGBA(255,255,255,0);\" class=\"n2-ss-slide-background-color\"><\/div><\/div><div class=\"n2-ss-slide-inner\"><div role=\"note\" class=\"n2-ss-slide--focus\" tabindex=\"-1\">LocalZero2<\/div><div class=\"n2-ss-layers-container n2-ss-slide-limiter n2-ow\"><div class=\"n2-ss-layer n2-ow n-uc-DgXgVyiC3NLz\" data-sstype=\"slide\" data-pm=\"default\"><div class=\"n2-ss-layer n2-ow n-uc-yJSZFGiOPcct\" data-pm=\"default\" data-sstype=\"content\" data-hasbackground=\"0\"><div class=\"n2-ss-section-main-content n2-ss-layer-with-background n2-ss-layer-content n2-ow n-uc-yJSZFGiOPcct-inner\"><div class=\"n2-ss-layer n2-ow n-uc-p4mPvNtQ8SGP n2-ss-layer--auto\" data-pm=\"absolute\" data-responsiveposition=\"1\" data-desktopportraitleft=\"11\" data-desktopportraittop=\"0\" data-responsivesize=\"1\" data-desktopportraitwidth=\"288\" data-desktopportraitheight=\"auto\" data-desktopportraitalign=\"center\" data-desktopportraitvalign=\"middle\" data-parentid=\"\" data-desktopportraitparentalign=\"center\" data-desktopportraitparentvalign=\"middle\" data-sstype=\"layer\"><div class=\"n2-ss-button-container n2-ss-item-content n2-ow n2-font-b55f0137981a07dbe370ab80023bfa4a-link  n2-ss-nowrap n2-ss-button-container--non-full-width\"><a class=\"n2-style-2e24359e14a1f5388558153224b7079a-heading  n2-ow \" target=\"_blank\" href=\"https:\/\/germanzero.de\/loesungen\/localzero\"><div><div>Informieren<\/div><\/div><\/a><\/div><\/div><\/div><\/div><\/div><\/div><\/div><div class=\"n2-ss-showcase-overlay n2-ow\"><\/div><\/div><div data-slide-duration=\"0\" data-id=\"166\" data-slide-public-id=\"2\" aria-hidden=\"true\" data-title=\"Klimawatch\" class=\"n2-ss-slide  n2-ss-slide-166 n2-ow\"><div class=\"n2-ss-slide-background\" data-public-id=\"2\" data-mode=\"fit\"><div class=\"n2-ss-slide-background-image\" data-blur=\"0\" data-opacity=\"100\" data-x=\"50\" data-y=\"50\" data-alt=\"\" data-title=\"\"><picture class=\"skip-lazy\" data-skip-lazy=\"1\"><source srcset=\"\/\/sustainable-data-platform.org\/wp-content\/uploads\/slider\/cache\/c81435a37a3e1572fe72f615672c3880\/ODI-Klimawatch.webp\" type=\"image\/webp\" media=\"(max-width: 500px)\" class=\"skip-lazy\" data-skip-lazy=\"1\"><source srcset=\"\/\/sustainable-data-platform.org\/wp-content\/uploads\/slider\/cache\/ff4e69d4cc600d7575da5931f27f38a4\/ODI-Klimawatch.webp\" type=\"image\/webp\" media=\"(max-width: 1200px)\" class=\"skip-lazy\" data-skip-lazy=\"1\"><source srcset=\"\/\/sustainable-data-platform.org\/wp-content\/uploads\/slider\/cache\/16cba327900f8ea66522b8adb198ee62\/ODI-Klimawatch.webp\" type=\"image\/webp\" class=\"skip-lazy\" data-skip-lazy=\"1\"><img decoding=\"async\" src=\"\/\/sustainable-data-platform.org\/wp-content\/uploads\/slider\/cache\/7fd1fa4c657c1ac40bc76aa82e6a18d9\/ODI-Klimawatch.jpg\" alt=\"\" title=\"\" loading=\"lazy\" class=\"skip-lazy\" data-skip-lazy=\"1\"><\/picture><\/div><div data-color=\"RGBA(255,255,255,0)\" style=\"background-color: RGBA(255,255,255,0);\" class=\"n2-ss-slide-background-color\"><\/div><\/div><div class=\"n2-ss-slide-inner\"><div role=\"note\" class=\"n2-ss-slide--focus\" tabindex=\"-1\">Klimawatch<\/div><div class=\"n2-ss-layers-container n2-ss-slide-limiter n2-ow\"><div class=\"n2-ss-layer n2-ow n-uc-TguwLgMeMcWD\" data-sstype=\"slide\" data-pm=\"default\"><div class=\"n2-ss-layer n2-ow n-uc-mUrQAj6PBBGT\" data-pm=\"default\" data-sstype=\"content\" data-hasbackground=\"0\"><div class=\"n2-ss-section-main-content n2-ss-layer-with-background n2-ss-layer-content n2-ow n-uc-mUrQAj6PBBGT-inner\"><div class=\"n2-ss-layer n2-ow n-uc-wYIlOIZijSc0\" data-pm=\"normal\" data-sstype=\"layer\"><div id=\"n2-ss-38item2\" class=\"n2-font-58195ba2fa6991a962b1d2bd2021bfdb-hover n2-style-0a6f048ba619ba713dd50a211e04d2d4-heading   n2-ss-item-content n2-ss-text n2-ow\" style=\"display:block;\">Klimawatch: Intuitive Nachverfolgung kommunal beschlossener Klimaschutzma\u00dfnahmen<\/div><\/div><div class=\"n2-ss-layer n2-ow n2-ss-layer--block n2-ss-has-self-align n-uc-gxX1TWzmUUyB\" data-pm=\"normal\" data-sstype=\"row\"><div class=\"n2-ss-layer-row n2-ss-layer-with-background n-uc-gxX1TWzmUUyB-inner\"><div class=\"n2-ss-layer-row-inner \"><div class=\"n2-ss-layer n2-ow n-uc-Ky87qlOHdEdt\" data-pm=\"default\" data-sstype=\"col\"><div class=\"n2-ss-layer-col n2-ss-layer-with-background n2-ss-layer-content n-uc-Ky87qlOHdEdt-inner\"><div class=\"n2-ss-layer n2-ow n2-ss-layer--block n2-ss-has-self-align n-uc-NHb5FlqgpO7u\" data-pm=\"normal\" data-sstype=\"row\"><div class=\"n2-ss-layer-row n2-ss-layer-with-background n-uc-NHb5FlqgpO7u-inner\"><div class=\"n2-ss-layer-row-inner \"><div class=\"n2-ss-layer n2-ow n-uc-9gQe5RBVF5OZ\" data-pm=\"default\" data-sstype=\"col\"><div class=\"n2-ss-layer-col n2-ss-layer-with-background n2-ss-layer-content n-uc-9gQe5RBVF5OZ-inner\"><div class=\"n2-ss-layer n2-ow n-uc-htZpTXIJfF22\" data-pm=\"normal\" data-sstype=\"layer\"><div class=\"n2-ss-item-content n2-ss-text n2-ow-all\"><div class=\"\"><p class=\"n2-font-3ffc666747461f38d9fb72f4d546024c-paragraph  n2-style-0a6f048ba619ba713dd50a211e04d2d4-heading  \">Was geht, was steht? Mit einer intuitiven und interaktiven Visualisierung soll der Stand kommunaler Klima-schutzanstrengungen auf Basis von beschlossenen Ma\u00dfnahmen einfach verfolgt und verglichen werden k\u00f6nnen (Klimawatch: https:\/\/klimawatch.de\/kommunen\/muenster\/) <\/p>\n<\/div><\/div><\/div><\/div><\/div><div class=\"n2-ss-layer n2-ow n-uc-RILT4M43VQ0J\" data-pm=\"default\" data-sstype=\"col\"><div class=\"n2-ss-layer-col n2-ss-layer-with-background n2-ss-layer-content n-uc-RILT4M43VQ0J-inner\"><div class=\"n2-ss-layer n2-ow n-uc-R7dqOhiT3jjH n2-ss-layer--auto\" data-pm=\"normal\" data-sstype=\"layer\"><div class=\"n2-ss-button-container n2-ss-item-content n2-ow n2-font-554816e98387913b1993dbdc966ef3c9-link  n2-ss-nowrap n2-ss-button-container--non-full-width\"><a class=\"n2-style-f0e0ed5659844c7b69e9960c6e2ba251-heading  n2-ow \" href=\"https:\/\/klimawatch.de\/\"><div><div>Informieren<\/div><\/div><\/a><\/div><\/div><\/div><\/div><\/div><\/div><\/div><\/div><\/div><\/div><\/div><\/div><\/div><\/div><\/div><\/div><\/div><div class=\"n2-ss-showcase-overlay n2-ow\"><\/div><\/div><div data-slide-duration=\"0\" data-id=\"167\" data-slide-public-id=\"3\" aria-hidden=\"true\" data-title=\"K2\" class=\"n2-ss-slide  n2-ss-slide-167 n2-ow\"><div class=\"n2-ss-slide-background\" data-public-id=\"3\" data-mode=\"fill\"><div class=\"n2-ss-slide-background-image\" data-blur=\"0\" data-opacity=\"100\" data-x=\"50\" data-y=\"50\" data-alt=\"\" data-title=\"\"><picture class=\"skip-lazy\" data-skip-lazy=\"1\"><source srcset=\"\/\/sustainable-data-platform.org\/wp-content\/uploads\/slider\/cache\/10f7eb037e9cff51963a3cdb9a07ad51\/Staedtevergleich-Koeln-U-bahn-schmal-2.webp\" type=\"image\/webp\" media=\"(max-width: 500px)\" class=\"skip-lazy\" data-skip-lazy=\"1\"><source srcset=\"\/\/sustainable-data-platform.org\/wp-content\/uploads\/slider\/cache\/8865efb0f0105fd2edacc97ef2ae00aa\/Staedtevergleich-Koeln-U-bahn-schmal-2.webp\" type=\"image\/webp\" media=\"(max-width: 1200px)\" class=\"skip-lazy\" data-skip-lazy=\"1\"><source srcset=\"\/\/sustainable-data-platform.org\/wp-content\/uploads\/slider\/cache\/9e4c45f6390be74f7c65c6234807982b\/Staedtevergleich-Koeln-U-bahn-schmal-2.webp\" type=\"image\/webp\" class=\"skip-lazy\" data-skip-lazy=\"1\"><img decoding=\"async\" src=\"\/\/sustainable-data-platform.org\/wp-content\/uploads\/slider\/cache\/ebabe129aa03b3cdbd408f9f7d61a077\/Staedtevergleich-Koeln-U-bahn-schmal-2.jpg\" alt=\"\" title=\"\" loading=\"lazy\" class=\"skip-lazy\" data-skip-lazy=\"1\"><\/picture><\/div><div data-color=\"RGBA(255,255,255,0)\" style=\"background-color: RGBA(255,255,255,0);\" class=\"n2-ss-slide-background-color\"><\/div><\/div><div class=\"n2-ss-slide-inner\"><div role=\"note\" class=\"n2-ss-slide--focus\" tabindex=\"-1\">K2<\/div><div class=\"n2-ss-layers-container n2-ss-slide-limiter n2-ow\"><div class=\"n2-ss-layer n2-ow n-uc-qDzCwlEDloIG\" data-sstype=\"slide\" data-pm=\"default\"><div class=\"n2-ss-layer n2-ow n-uc-ib60hlG2qNnZ\" data-pm=\"default\" data-sstype=\"content\" data-hasbackground=\"0\"><div class=\"n2-ss-section-main-content n2-ss-layer-with-background n2-ss-layer-content n2-ow n-uc-ib60hlG2qNnZ-inner\"><div class=\"n2-ss-layer n2-ow n2-ss-layer--block n2-ss-has-self-align n-uc-fAzISQHEzizi\" data-pm=\"normal\" data-sstype=\"row\"><div class=\"n2-ss-layer-row n2-ss-layer-with-background n-uc-fAzISQHEzizi-inner\"><div class=\"n2-ss-layer-row-inner \"><div class=\"n2-ss-layer n2-ow n-uc-vedATDfCGFtw\" data-pm=\"default\" data-sstype=\"col\"><div class=\"n2-ss-layer-col n2-ss-layer-with-background n2-ss-layer-content n-uc-vedATDfCGFtw-inner\"><div class=\"n2-ss-layer n2-ow n2-ss-layer--block n2-ss-has-self-align n-uc-Oujy0PzrUiKL\" data-pm=\"normal\" data-sstype=\"row\"><div class=\"n2-ss-layer-row n2-ss-layer-with-background n-uc-Oujy0PzrUiKL-inner\"><div class=\"n2-ss-layer-row-inner \"><div class=\"n2-ss-layer n2-ow n-uc-OlM32HwPoCwe\" data-pm=\"default\" data-sstype=\"col\"><div class=\"n2-ss-layer-col n2-ss-layer-with-background n2-ss-layer-content n-uc-OlM32HwPoCwe-inner\"><div class=\"n2-ss-layer n2-ow n-uc-jGFk2TSkRMAW\" data-pm=\"normal\" data-sstype=\"layer\"><div class=\"n2-ss-item-content n2-ss-text n2-ow-all\"><div class=\"\"><p class=\"n2-font-179e85dfdaee83b38fc86553db089752-paragraph  n2-style-0a6f048ba619ba713dd50a211e04d2d4-heading  \">Digitale Anzeigetafel f\u00fcr CO2-Einsparungen: Engagements mit dem CO2-Avatar sichtbar machen, um Klimaschutz-Jahresziele gemeinsam zu erreichen. Bereits zum Zeitpunkt der Meldung sollen Klimaschutzanstrengungen \u00fcberschl\u00e4gig quantifiziert werden k\u00f6nnen, um ein sichtbares Engagement breiter Gruppen zu erm\u00f6glichen. <\/p>\n<\/div><\/div><\/div><\/div><\/div><div class=\"n2-ss-layer n2-ow n-uc-VGUUerR2UmUU\" data-pm=\"default\" data-sstype=\"col\"><div class=\"n2-ss-layer-col n2-ss-layer-with-background n2-ss-layer-content n-uc-VGUUerR2UmUU-inner\"><div class=\"n2-ss-layer n2-ow n-uc-iAly6in62Ezf n2-ss-layer--auto\" data-pm=\"normal\" data-sstype=\"layer\"><div class=\"n2-ss-button-container n2-ss-item-content n2-ow n2-font-554816e98387913b1993dbdc966ef3c9-link  n2-ss-nowrap n2-ss-button-container--non-full-width\"><a class=\"n2-style-07c950c7121dfba0e900e7501470c57f-heading  n2-ow \" href=\"https:\/\/sustainable-data-platform.org\/co2-avatar\/\"><div><div>Mehr<\/div><\/div><\/a><\/div><\/div><\/div><\/div><\/div><\/div><\/div><\/div><\/div><\/div><\/div><\/div><\/div><\/div><\/div><\/div><\/div><div class=\"n2-ss-showcase-overlay n2-ow\"><\/div><\/div><\/div>\n                <\/div>\n                            <\/div>\n        <\/div>\n        <div class=\"n2-ss-slider-controls n2-ss-slider-controls-absolute-left-center\"><div style=\"--widget-offset:15px;\" class=\"n2-ss-widget nextend-arrow n2-ow-all nextend-arrow-previous  nextend-arrow-animated-fade\" data-hide-mobilelandscape=\"1\" data-hide-mobileportrait=\"1\" id=\"n2-ss-38-arrow-previous\" role=\"button\" aria-label=\"previous arrow\" tabindex=\"0\"><img loading=\"lazy\" decoding=\"async\" width=\"32\" height=\"32\" class=\"skip-lazy\" data-skip-lazy=\"1\" src=\"data:image\/svg+xml;base64,PHN2ZyB3aWR0aD0iMzIiIGhlaWdodD0iMzIiIHZpZXdCb3g9IjAgMCAzMiAzMiIgeG1sbnM9Imh0dHA6Ly93d3cudzMub3JnLzIwMDAvc3ZnIj4KICAgIDxwYXRoIGQ9Ik0yMS42ODggMTQuNjg4aC03Ljk1NWwxLjgzMy0xLjY1LS4wMDQtLjAwM2MuMjY3LS4yNC40MzgtLjU4NS40MzgtLjk3MyAwLS43MjQtLjU4OC0xLjMxMi0xLjMxMy0xLjMxMi0uMzM3IDAtLjY0Mi4xMy0uODc0LjM0bC0uMDA0LS4wMDMtNC4zNzYgMy45MzcuMDA0LjAwNEM5LjE3IDE1LjI2OCA5IDE1LjYxMiA5IDE2cy4xNy43MzIuNDM4Ljk3MmwtLjAwNC4wMDQgNC4zNzUgMy45MzcuMDAyLS4wMDNjLjIzMy4yMS41MzguMzQuODc2LjM0LjcyNCAwIDEuMzEyLS41ODggMS4zMTItMS4zMTMgMC0uMzg3LS4xNy0uNzMtLjQzOC0uOTcybC4wMDQtLjAwMy0xLjgzMy0xLjY1aDcuOTU0Yy43MjUgMCAxLjMxMy0uNTg3IDEuMzEzLTEuMzEyIDAtLjcyNS0uNTg4LTEuMzEzLTEuMzEzLTEuMzEzek0xNiAyQzguMjY4IDIgMiA4LjI2OCAyIDE2czYuMjY4IDE0IDE0IDE0IDE0LTYuMjY4IDE0LTE0UzIzLjczMiAyIDE2IDJ6bTAgMjUuMzc1QzkuNzE4IDI3LjM3NSA0LjYyNSAyMi4yODIgNC42MjUgMTZTOS43MTggNC42MjUgMTYgNC42MjUgMjcuMzc1IDkuNzE4IDI3LjM3NSAxNiAyMi4yODIgMjcuMzc1IDE2IDI3LjM3NXoiCiAgICAgICAgICBmaWxsPSIjZmZmZmZmIiBvcGFjaXR5PSIwLjgiIGZpbGwtcnVsZT0iZXZlbm9kZCIvPgo8L3N2Zz4=\" alt=\"previous arrow\"><\/div><\/div><div class=\"n2-ss-slider-controls n2-ss-slider-controls-absolute-right-center\"><div style=\"--widget-offset:15px;\" class=\"n2-ss-widget nextend-arrow n2-ow-all nextend-arrow-next  nextend-arrow-animated-fade\" data-hide-mobilelandscape=\"1\" data-hide-mobileportrait=\"1\" id=\"n2-ss-38-arrow-next\" role=\"button\" aria-label=\"next arrow\" tabindex=\"0\"><img loading=\"lazy\" decoding=\"async\" width=\"32\" height=\"32\" class=\"skip-lazy\" data-skip-lazy=\"1\" src=\"data:image\/svg+xml;base64,PHN2ZyB3aWR0aD0iMzIiIGhlaWdodD0iMzIiIHZpZXdCb3g9IjAgMCAzMiAzMiIgeG1sbnM9Imh0dHA6Ly93d3cudzMub3JnLzIwMDAvc3ZnIj4KICAgIDxwYXRoIGQ9Ik0xOC4xOSAxMS4wODdjLS4yMzUtLjIwNi0uNTQtLjMzNy0uODc4LS4zMzctLjcyNCAwLTEuMzEyLjU4OC0xLjMxMiAxLjMxMyAwIC4zODcuMTcuNzMuNDM4Ljk3MmwxLjgzIDEuNjUySDEwLjMxQzkuNTg4IDE0LjY4NyA5IDE1LjI3NSA5IDE2cy41ODggMS4zMTMgMS4zMTMgMS4zMTNoNy45NTRsLTEuODMzIDEuNjVjLS4yNjMuMjQzLS40MzQuNTg3LS40MzQuOTc0IDAgLjcyNS41ODggMS4zMTMgMS4zMTMgMS4zMTMuMzM3IDAgLjY0Mi0uMTMuODc1LS4zNGw0LjM3OC0zLjkzNGMuMjYzLS4yNDQuNDM0LS41ODguNDM0LS45NzZzLS4xNy0uNzMyLS40MzgtLjk3MmwtNC4zNy0zLjk0ek0xNiAyQzguMjY4IDIgMiA4LjI2OCAyIDE2czYuMjY4IDE0IDE0IDE0IDE0LTYuMjY4IDE0LTE0UzIzLjczMiAyIDE2IDJ6bTAgMjUuMzc1QzkuNzE4IDI3LjM3NSA0LjYyNSAyMi4yODIgNC42MjUgMTZTOS43MTggNC42MjUgMTYgNC42MjUgMjcuMzc1IDkuNzE4IDI3LjM3NSAxNiAyMi4yODIgMjcuMzc1IDE2IDI3LjM3NXoiCiAgICAgICAgICBmaWxsPSIjZmZmZmZmIiBvcGFjaXR5PSIwLjgiIGZpbGwtcnVsZT0iZXZlbm9kZCIvPgo8L3N2Zz4=\" alt=\"next arrow\"><\/div><\/div><\/div><div class=\"n2-ss-slider-controls n2-ss-slider-controls-below\"><div style=\"--widget-offset:10px;\" class=\"n2-ss-widget n2-ss-control-bullet n2-ow-all n2-ss-control-bullet-horizontal\"><div class=\" nextend-bullet-bar n2-bar-justify-content-center\" role=\"group\" aria-label=\"Choose slide to display.\"><div class=\"n2-bullet n2-style-1167d1a18e94c155381c7e55ef8b04fc-dot \" style=\"visibility:hidden;\"><\/div><\/div><\/div><\/div><\/div><\/div><ss3-loader><\/ss3-loader><\/div><\/div><div class=\"n2_clear\"><\/div><\/div><\/ss3-force-full-width><\/div>\n\n\n<h6 class=\"has-text-color wp-block-heading\" style=\"color:#0d2898\"><strong>Strengthening of transparency and participation of civil society in municipal climate protection<\/strong><\/h6>\n\n\n\n<p class=\"has-primary-color has-text-color has-small-font-size\"><strong>Without high-quality data that provides valid information on climate action at the right time, developing, monitoring, and managing affordable municipal greenhouse gas reduction pathways is impossible[1].<\/strong><\/p>\n\n\n\n<p class=\"has-primary-color has-text-color has-small-font-size\"><strong>Evidence-based climate protection requires broad-based digitization that is accepted by the population. This cannot be introduced by the administration alone. For this reason, the open data initiative presents participatory support offerings that are to be introduced as prototypes in the first European pilot municipalities in 2022.<\/strong><\/p>\n\n\n\n<p class=\"has-primary-color has-text-color has-small-font-size\"><strong>The tools aim to provide continuous feedback in order to develop measures together, to monitor the achievement of objectives and to make adjustments, to enable citizens to make suggestions effectively and in a structured manner in the ongoing process, and to relieve the administration.<\/strong><\/p>\n\n\n\n<p class=\"has-primary-color has-text-color has-small-font-size\">Time is running out for municipal climate protection. Municipal CO<sub>2<\/sub> budgets are being used up too quickly. This increases the pressure on municipalities to save more greenhouse gases, to better communicate savings potentials and necessities and, last but not least, to present the progress in savings more transparently. <\/p>\n\n\n\n<p class=\"has-primary-color has-text-color has-small-font-size\">To support climate protection efforts in cities and municipalities, &#8220;Code for Germany&#8221; as part of the &#8220;Klimawatch&#8221; project, &#8220;GermanZero,&#8221; &#8220;OK-Lab Karlsruhe&#8221; and the &#8220;sustainable data platform&#8221; are jointly developing digital tools. The common focus is on strengthening participation and impulses from civil society. Citizens can use their data to make positive, valid examples visible and contribute new ideas to climate protection concepts.<\/p>\n\n\n\n<p class=\"has-primary-color has-text-color has-small-font-size\">The offer of support is aimed at citizens, climate and citizens&#8217; councils, administrations and committed actors in municipalities. Employees in the municipalities are to be supported by open working aids and, for example, in the digitalized development of necessary data bases for timely climate protection.<\/p>\n\n\n\n<hr class=\"wp-block-separator has-text-color has-background is-style-default\" style=\"background-color:#0d2898;color:#0d2898\"\/>\n\n\n\n<p class=\"has-primary-color has-text-color has-small-font-size\">The following tools are scheduled for deployment in 2022:<\/p>\n\n\n\n<ol type=\"1\" class=\"has-primary-color has-text-color has-small-font-size wp-block-list\"><li><strong><a href=\"LocalZero: The climate vision of GermanZero\">LocalZero: <\/a><\/strong><a href=\"LocalZero: The climate vision of GermanZero\">T<\/a>he climate vision of GermanZero<\/li><li><a href=\"LocalZero: The climate vision of GermanZero\nKlimawatch: Intuitive tracking of adopted climate protection measures\nOK-Lab Karlsruhe: Transparency portal to improve data basis\nsustainable data platform: Digital scoreboard for CO2 savings\"><strong>Klimawatch: <\/strong><\/a>Intuitive tracking of climate protection measures<\/li><li><a href=\"LocalZero: The climate vision of GermanZero\nKlimawatch: Intuitive tracking of adopted climate protection measures\nOK-Lab Karlsruhe: Transparency portal to improve data basis\nsustainable data platform: Digital scoreboard for CO2 savings\"><strong>OK-Lab Karlsruhe:<\/strong><\/a> Transparency portal to improve data basis<\/li><li><a href=\"LocalZero: The climate vision of GermanZero\nKlimawatch: Intuitive tracking of adopted climate protection measures\nOK-Lab Karlsruhe: Transparency portal to improve data basis\nsustainable data platform: Digital scoreboard for CO2 savings\"><strong>sustainable data platform: <\/strong><\/a>Digital dashborad for communal GHG savings<\/li><\/ol>\n\n\n\n<p class=\"has-primary-color has-text-color has-small-font-size\">The open tools are to continue the CLIMATE BET idea of immediate data-based climate protection aligned with clear goals. In perspective, a Europe-wide comprehensive open and democratically controlled data warehouse structure is also envisaged for the simplified preparation of GHG balances and support of GHG management.<\/p>\n\n\n\n<hr class=\"wp-block-separator has-text-color has-background is-style-default\" style=\"background-color:#0d2898;color:#0d2898\"\/>\n\n\n\n<p class=\"has-primary-color has-text-color\" style=\"font-size:14px\"><a href=\"#_ftnref1\">[1]<\/a> Regarding to: https:\/\/www.undatarevolution.org\/wp-content\/uploads\/2014\/11\/A-World-That-Counts.pdf<\/p>\n","protected":false},"excerpt":{"rendered":"<p>open data initiative for municipal climate neutrality Whether you are a committed citizen, a member of the climate council or a mayor. GermanZero, Klimawatch, OK-Lab Karlsruhe and sdp invite you to the launch of the open data initiative for municipal climate neutrality. Date and location will be announced soon. Please let us know your interest.<a class=\"more-link\" href=\"https:\/\/sustainable-data-platform.org\/en\/open-data-initiative\/\">Continue reading <span class=\"screen-reader-text\">&#8220;open data Initiative&#8221;<\/span><\/a><\/p>\n","protected":false},"author":2,"featured_media":0,"parent":0,"menu_order":0,"comment_status":"closed","ping_status":"closed","template":"","meta":{"inline_featured_image":false,"footnotes":""},"class_list":["post-2071","page","type-page","status-publish","hentry","entry"],"translation":{"provider":"WPGlobus","version":"3.0.0","language":"en","enabled_languages":["de","en"],"languages":{"de":{"title":true,"content":true,"excerpt":false},"en":{"title":true,"content":true,"excerpt":false}}},"_links":{"self":[{"href":"https:\/\/sustainable-data-platform.org\/en\/wp-json\/wp\/v2\/pages\/2071","targetHints":{"allow":["GET"]}}],"collection":[{"href":"https:\/\/sustainable-data-platform.org\/en\/wp-json\/wp\/v2\/pages"}],"about":[{"href":"https:\/\/sustainable-data-platform.org\/en\/wp-json\/wp\/v2\/types\/page"}],"author":[{"embeddable":true,"href":"https:\/\/sustainable-data-platform.org\/en\/wp-json\/wp\/v2\/users\/2"}],"replies":[{"embeddable":true,"href":"https:\/\/sustainable-data-platform.org\/en\/wp-json\/wp\/v2\/comments?post=2071"}],"version-history":[{"count":56,"href":"https:\/\/sustainable-data-platform.org\/en\/wp-json\/wp\/v2\/pages\/2071\/revisions"}],"predecessor-version":[{"id":4391,"href":"https:\/\/sustainable-data-platform.org\/en\/wp-json\/wp\/v2\/pages\/2071\/revisions\/4391"}],"wp:attachment":[{"href":"https:\/\/sustainable-data-platform.org\/en\/wp-json\/wp\/v2\/media?parent=2071"}],"curies":[{"name":"wp","href":"https:\/\/api.w.org\/{rel}","templated":true}]}}