{"id":5080,"date":"2025-03-26T16:27:29","date_gmt":"2025-03-26T16:27:29","guid":{"rendered":"https:\/\/sustainable-data-platform.org\/?page_id=5080"},"modified":"2025-03-27T13:06:15","modified_gmt":"2025-03-27T13:06:15","slug":"sdp-wikis","status":"publish","type":"page","link":"https:\/\/sustainable-data-platform.org\/en\/sdp-wikis\/","title":{"rendered":"sdp Wikis"},"content":{"rendered":"\n<h6 class=\"wp-block-heading has-text-color has-link-color has-normal-font-size wp-elements-84eed27f4fdb87cd15f69acd83cb3a33\" style=\"color:#f28007\">sdp-Wikis zur methodischen Weiterentwicklung <\/h6>\n\n\n\n<p class=\"has-primary-color has-text-color has-link-color has-small-font-size wp-elements-cf77ba0dc25900dfb21ebdfef40fa644\"><strong>sdp-Wikis zielen auf klare und neutrale Orientierung in komplexen und interessenbesetzten Themengebieten. Aus einer unabh\u00e4ngigen zivilgesellschaftlichen Perspektive wollen sie eine konstruktive Debatte anregen und dazu relevante Fragen und Probleml\u00f6sungsans\u00e4tze aufzeigen.<\/strong><\/p>\n\n\n\n<p class=\"has-primary-color has-text-color has-link-color has-small-font-size wp-elements-a38cdea311a2bc45657ab2453bffd6a3\">Ziel ist eine zeitlich und r\u00e4umlich definierte Erfassung von Messwerten, Kosten und CO<sub>2<\/sub>-Emissionen unter Beachtung von Toleranzen und Datenqualit\u00e4ten. Wo Messwerte zu teuer sind, der Datenaustausch gest\u00f6rt ist oder SDG-Indikatoren nicht quantifiziert nachweisbar sind wollen die Wikis auf L\u00fccken und M\u00f6glichkeiten zur Verbesserung der Datenlage hinweisen.<\/p>\n\n\n\n<div class=\"wp-block-media-text is-stacked-on-mobile\"><figure class=\"wp-block-media-text__media\"><a href=\"https:\/\/sustainable-data-platform.org\/biomasse\/\"><img loading=\"lazy\" decoding=\"async\" width=\"1024\" height=\"1024\" src=\"https:\/\/sustainable-data-platform.org\/wp-content\/uploads\/2025\/03\/sdp-wiki-bio-1024x1024.jpg\" alt=\"\" class=\"wp-image-5107 size-full\" srcset=\"https:\/\/sustainable-data-platform.org\/wp-content\/uploads\/2025\/03\/sdp-wiki-bio-1024x1024.jpg 1024w, https:\/\/sustainable-data-platform.org\/wp-content\/uploads\/2025\/03\/sdp-wiki-bio-300x300.jpg 300w, https:\/\/sustainable-data-platform.org\/wp-content\/uploads\/2025\/03\/sdp-wiki-bio-150x150.jpg 150w, https:\/\/sustainable-data-platform.org\/wp-content\/uploads\/2025\/03\/sdp-wiki-bio-768x768.jpg 768w, https:\/\/sustainable-data-platform.org\/wp-content\/uploads\/2025\/03\/sdp-wiki-bio-1536x1536.jpg 1536w, https:\/\/sustainable-data-platform.org\/wp-content\/uploads\/2025\/03\/sdp-wiki-bio-1568x1568.jpg 1568w, https:\/\/sustainable-data-platform.org\/wp-content\/uploads\/2025\/03\/sdp-wiki-bio.jpg 1620w\" sizes=\"auto, (max-width: 1024px) 100vw, 1024px\" \/><\/a><\/figure><div class=\"wp-block-media-text__content\">\n<p class=\"has-primary-color has-text-color has-link-color wp-elements-7d35aadf2e64f8cd6216fed48d9fa28b\"><strong>Holz in der W\u00e4rmewende: Neubewertung der CO\u2082-Faktoren<\/strong><\/p>\n\n\n\n<p class=\"has-primary-color has-text-color has-link-color has-small-font-size wp-elements-60672b2f68a96be48beb58cdff6d5505\">Um zu bewerten, ob das Heizen mit Biomasse klimaschonend erfolgt, m\u00fcssen neue CO\u2082-Faktoren f\u00fcr z.B. Pellets den Erhalt das Waldes als Kohlenstoff-Speicher ber\u00fccksichtigen. <br>Das sdp-Biomasse-Wiki dient der Findung von Faktoren und zugeh\u00f6rigen Nachweisen.<\/p>\n<\/div><\/div>\n\n\n\n<div class=\"wp-block-media-text is-stacked-on-mobile\"><figure class=\"wp-block-media-text__media\"><a href=\"https:\/\/sustainable-data-platform.org\/h2\/\"><img loading=\"lazy\" decoding=\"async\" width=\"1024\" height=\"1024\" src=\"https:\/\/sustainable-data-platform.org\/wp-content\/uploads\/2025\/03\/sdp-wiki-h2-1024x1024.jpg\" alt=\"\" class=\"wp-image-5108 size-full\" srcset=\"https:\/\/sustainable-data-platform.org\/wp-content\/uploads\/2025\/03\/sdp-wiki-h2-1024x1024.jpg 1024w, https:\/\/sustainable-data-platform.org\/wp-content\/uploads\/2025\/03\/sdp-wiki-h2-300x300.jpg 300w, https:\/\/sustainable-data-platform.org\/wp-content\/uploads\/2025\/03\/sdp-wiki-h2-150x150.jpg 150w, https:\/\/sustainable-data-platform.org\/wp-content\/uploads\/2025\/03\/sdp-wiki-h2-768x768.jpg 768w, https:\/\/sustainable-data-platform.org\/wp-content\/uploads\/2025\/03\/sdp-wiki-h2.jpg 1080w\" sizes=\"auto, (max-width: 1024px) 100vw, 1024px\" \/><\/a><\/figure><div class=\"wp-block-media-text__content\">\n<p class=\"has-primary-color has-text-color has-link-color wp-elements-dede6efec03a66469e4750e0ceca9eb2\"><strong>Wasserstoff in der W\u00e4rmewende: Chancen und Risiken<\/strong><\/p>\n\n\n\n<p class=\"has-primary-color has-text-color has-link-color has-small-font-size wp-elements-91f352475a2229c975bc211bc3efecf3\">Um Greenwashing vorzubeugen, will das sdp-Wasserstoff-Wiki aufzeigen, wo Wasserstoff (H\u2082) nachweisbasiert einen Beitrag f\u00fcr eine soziale, \u00f6kologische und \u00f6konomische W\u00e4rmewende leisten kann.<\/p>\n<\/div><\/div>\n\n\n\n<p class=\"has-primary-color has-text-color has-link-color has-small-font-size wp-elements-3cdee3c029d59b77e1290c9924e5de29\"><strong>Themen:<\/strong><\/p>\n\n\n\n<p class=\"has-text-color has-link-color has-small-font-size wp-elements-ef41676e8b3763dc29035408e8d2501d\" style=\"color:#f28007\"><a href=\"https:\/\/sustainable-data-platform.org\/biomasse\/\" data-type=\"page\" data-id=\"4100\">-&gt; Biomasse Wiki<\/a><br><a href=\"https:\/\/sustainable-data-platform.org\/h2\/\" data-type=\"page\" data-id=\"4356\">-&gt; Wasserstoff Wiki<\/a><\/p>\n\n\n\n<p class=\"has-primary-color has-text-color has-link-color has-small-font-size wp-elements-1d91eddb82ae55c0cd569c45578a7f72\">Ein herzlicher Dank gilt den ehrenamtlichen Autorinnen und Autoren f\u00fcr Ihre Beitr\u00e4ge aus der Praxis des Klimaschutzes. \u00dcber Mitarbeit, Zusendung faktenreicher Beispiele und Unterst\u00fctzung zum Ausbau der sdp-Wikis freuen wir uns.<\/p>\n\n\n\n<p><\/p>\n","protected":false},"excerpt":{"rendered":"<p>sdp-Wikis zur methodischen Weiterentwicklung sdp-Wikis zielen auf klare und neutrale Orientierung in komplexen und interessenbesetzten Themengebieten. Aus einer unabh\u00e4ngigen zivilgesellschaftlichen Perspektive wollen sie eine konstruktive Debatte anregen und dazu relevante Fragen und Probleml\u00f6sungsans\u00e4tze aufzeigen. Ziel ist eine zeitlich und r\u00e4umlich definierte Erfassung von Messwerten, Kosten und CO2-Emissionen unter Beachtung von Toleranzen und Datenqualit\u00e4ten. Wo Messwerte<a class=\"more-link\" href=\"https:\/\/sustainable-data-platform.org\/en\/sdp-wikis\/\">Continue reading <span class=\"screen-reader-text\">&#8220;sdp Wikis&#8221;<\/span><\/a><\/p>\n","protected":false},"author":2,"featured_media":0,"parent":0,"menu_order":0,"comment_status":"closed","ping_status":"closed","template":"","meta":{"inline_featured_image":false,"footnotes":""},"class_list":["post-5080","page","type-page","status-publish","hentry","entry"],"translation":{"provider":"WPGlobus","version":"3.0.0","language":"en","enabled_languages":["de","en"],"languages":{"de":{"title":true,"content":true,"excerpt":false},"en":{"title":false,"content":false,"excerpt":false}}},"_links":{"self":[{"href":"https:\/\/sustainable-data-platform.org\/en\/wp-json\/wp\/v2\/pages\/5080","targetHints":{"allow":["GET"]}}],"collection":[{"href":"https:\/\/sustainable-data-platform.org\/en\/wp-json\/wp\/v2\/pages"}],"about":[{"href":"https:\/\/sustainable-data-platform.org\/en\/wp-json\/wp\/v2\/types\/page"}],"author":[{"embeddable":true,"href":"https:\/\/sustainable-data-platform.org\/en\/wp-json\/wp\/v2\/users\/2"}],"replies":[{"embeddable":true,"href":"https:\/\/sustainable-data-platform.org\/en\/wp-json\/wp\/v2\/comments?post=5080"}],"version-history":[{"count":21,"href":"https:\/\/sustainable-data-platform.org\/en\/wp-json\/wp\/v2\/pages\/5080\/revisions"}],"predecessor-version":[{"id":5125,"href":"https:\/\/sustainable-data-platform.org\/en\/wp-json\/wp\/v2\/pages\/5080\/revisions\/5125"}],"wp:attachment":[{"href":"https:\/\/sustainable-data-platform.org\/en\/wp-json\/wp\/v2\/media?parent=5080"}],"curies":[{"name":"wp","href":"https:\/\/api.w.org\/{rel}","templated":true}]}}