{"id":5255,"date":"2026-02-01T18:13:53","date_gmt":"2026-02-01T18:13:53","guid":{"rendered":"https:\/\/sustainable-data-platform.org\/?page_id=5255"},"modified":"2026-02-25T18:02:14","modified_gmt":"2026-02-25T18:02:14","slug":"cliff","status":"publish","type":"page","link":"https:\/\/sustainable-data-platform.org\/en\/cliff\/","title":{"rendered":"CLIFF"},"content":{"rendered":"\n<h3 class=\"wp-block-heading has-text-color has-link-color has-large-font-size wp-elements-0adb671fcc5f8f0d4a95b50bd97a74a8\" style=\"color:#f90202\">CLIFF: The CLIMATE <strong>FIREFIGHTER INITIATIVE <\/strong><\/h3>\n\n\n\n<div class=\"wp-block-buttons is-horizontal is-content-justification-center is-layout-flex wp-container-core-buttons-is-layout-03627597 wp-block-buttons-is-layout-flex\">\n<div class=\"wp-block-button is-style-outline is-style-outline--1\"><a class=\"wp-block-button__link has-background-color has-text-color has-background wp-element-button\" href=\"https:\/\/sustainable-data-platform.org\/en\/contact\/\" style=\"border-radius:16px;background-color:#f90202\" target=\"_blank\" rel=\"noreferrer noopener\">rEGISTER CLIFF KICK-OFF 20.11.2026<\/a><\/div>\n<\/div>\n\n\n\n<p class=\"has-foreground-dark-color has-text-color has-link-color has-small-font-size wp-elements-aafee2be448c19b9ed13a956e464d23a\">This contribution* presents the network idea of a voluntary international climate protection fire brigade, in which initiatives, researchers, and foundations, among others, work together. It describes the overarching framework for evidence-based action towards climate neutrality, providing clarity and tools for effective climate action!<\/p>\n\n\n\n<figure class=\"wp-block-image size-large\"><img loading=\"lazy\" decoding=\"async\" width=\"1024\" height=\"576\" src=\"https:\/\/sustainable-data-platform.org\/wp-content\/uploads\/2026\/02\/CLIFF-AFCA-1024x576.png\" alt=\"\" class=\"wp-image-5421\" srcset=\"https:\/\/sustainable-data-platform.org\/wp-content\/uploads\/2026\/02\/CLIFF-AFCA-1024x576.png 1024w, https:\/\/sustainable-data-platform.org\/wp-content\/uploads\/2026\/02\/CLIFF-AFCA-300x169.png 300w, https:\/\/sustainable-data-platform.org\/wp-content\/uploads\/2026\/02\/CLIFF-AFCA-768x432.png 768w, https:\/\/sustainable-data-platform.org\/wp-content\/uploads\/2026\/02\/CLIFF-AFCA.png 1280w\" sizes=\"auto, (max-width: 1024px) 100vw, 1024px\" \/><figcaption class=\"wp-element-caption\">Picture with friendly allowance of the <a href=\"https:\/\/australianfirefightersclimatealliance.org\/\" target=\"_blank\" rel=\"noreferrer noopener\">Australian Firefighters Climate Alliance<\/a> (AFCA). AFCA is a network of grassroots firefighters who are joining together to advocate for stronger action on climate change.<\/figcaption><\/figure>\n\n\n\n<p class=\"has-primary-color has-text-color has-link-color has-small-font-size wp-elements-475186c5cea1d19e285d7f86a429d9c1\"><strong>Despite global commitments, we are not on track to meet the Paris Agreement goals. The built environment &#8211; construction, operation, and demolition of buildings &#8211; remains a major, yet under-addressed, source of greenhouse gas emissions. Key barriers are fragmented, unreliable information that hinder unified, effective climate action.<\/strong><\/p>\n\n\n\n<p class=\"has-primary-color has-text-color has-link-color has-small-font-size wp-elements-2db33694f6d6aca2b2efbbd233bc88c2\"><strong>CLIFF offers a unique framework to extinguish the \u201cfires\u201d blocking climate progress with cost-effective<br>measures. CLIFF enables a sustainably climate-neutral world based on facts and unbiased information that reflect reality as it is. It brings assembled and structured insights from current science to practice and fills knowledge gaps effectively and scientifically unbiased.<\/strong><\/p>\n\n\n\n<p class=\"has-primary-color has-text-color has-link-color has-small-font-size wp-elements-5f997d1e78ada352836359f921718216\"><strong>CLIFF evolved from a spontaneous discussion at ISEC 2024. The concept was further developed ever since. For taking off, the initiative is now reaching out to motivate involvement and gather the power and expertise from experts all over the world.<\/strong><\/p>\n\n\n\n<p class=\"has-primary-color has-text-color has-link-color has-small-font-size wp-elements-398a92de77c81512be24cc7f065757b0\"><strong>VISION AND MISSION<\/strong><\/p>\n\n\n\n<p class=\"has-primary-color has-text-color has-link-color has-small-font-size wp-elements-8685cd7e911c552d4adba2397a90fe21\">CLIFF supports the well-being of all beings on planet Earth by enabling concerted, sustainable action to stabilize the climate. A stable climate is not an end in itself, but a precondition for thriving societies, resilient ecosystems, and a just future. CLIFF bridges the gap between science and real-world solutions by providing unbiased, actionable insights, and by fostering a coherent framework that integrates climate stability with all other relevant dimensions of sustainability.<\/p>\n\n\n\n<p class=\"has-primary-color has-text-color has-link-color has-small-font-size wp-elements-45012222fb3d1d4db7f50769b0383637\">As a first step, the CLIFF Initiative focuses on the built environment\u2014one of the largest sources of greenhouse gas emissions. From construction and operation to demolition and disposal, buildings and infrastructure account for a significant share of climate impacts. By addressing these challenges comprehensively, CLIFF aims to transform the built environment into a driver of climate resilience and sustainable development.<\/p>\n\n\n\n<p class=\"has-primary-color has-text-color has-link-color has-small-font-size wp-elements-eb5e028c990e1ad2a20f2e68b8fb9ccb\"><strong>SOLUTION<\/strong><br><br>CLIFF follows a unique approach. The umbrella structure unites fragmented efforts and thereby ensures that no critical knowledge is overlooked. Furthermore, by at first focusing on one sector \u2013 the built environment \u2013 one of the most significant and cost-effective levers for emission reduction is targeted.<\/p>\n\n\n\n<p class=\"has-primary-color has-text-color has-link-color has-small-font-size wp-elements-b78b17dabec3301d901d0ac1ac6abea8\">The CLIFF framework to extinguish the \u201cfires\u201d blocking climate progress includes:<\/p>\n\n\n\n<ul class=\"wp-block-list\">\n<li class=\"has-foreground-dark-color has-text-color has-link-color has-small-font-size wp-elements-b43d831b66c006a3e2c6d242d317db9b\">Integration: CLIFF maps the full landscape of climate knowledge, identifying gaps (\u201cmissing puzzle pieces\u201d) critical to achieving climate targets.<\/li>\n\n\n\n<li class=\"has-foreground-dark-color has-text-color has-link-color has-small-font-size wp-elements-6165968a6d0b3994ea4879452ae788f6\">Research: CLIFF commissions targeted studies to fill these gaps with reliable, actionable data.<\/li>\n\n\n\n<li class=\"has-foreground-dark-color has-text-color has-link-color has-small-font-size wp-elements-ad0638a9de873119869f53f4b20af8c9\">Guidance: CLIFF translates findings into practical guidance.<\/li>\n<\/ul>\n\n\n\n<p class=\"has-primary-color has-text-color has-link-color has-small-font-size wp-elements-ed1f522cdc5fefbf43835d3cf0a4e79f\">The first step to realizing the vision of an evidence based sustainable world is to identify the gaps between current knowledge and practices. And especially those required to reach the goals of the Paris Agreement. An analogy is that reaching climate targets is a puzzle. CLIFF identifies puzzle pieces, where they fit and what is missing. The missing parts are then researched.<br>In a second step, research is proposed to fill the gaps with reliable and comprehensive information.<br>A third step entails conducting the required research and integrating its findings into a continuously improving and updated guidance system for decision- and policymakers and industry leaders.<br>Like any firefighter initiative, the idea is to keep the CLIFF initiative ongoing until the fire is extinguished, which means the target of climate sustainability is reached.<\/p>\n\n\n\n<p class=\"has-primary-color has-text-color has-link-color has-small-font-size wp-elements-15283fbd0150b15b4af947c353342516\"><strong>STATUS QUO<\/strong><\/p>\n\n\n\n<p class=\"has-primary-color has-text-color has-link-color has-small-font-size wp-elements-9bdd4a847d0c2bdcb05a06728ffba91c\">The initiative&#8217;s early status will be presented, including preliminary work on open digital methods and on<br>networking to overcome disinformation through clear and neutral CLIFF guidance.<\/p>\n\n\n\n<figure class=\"wp-block-image size-large\"><img loading=\"lazy\" decoding=\"async\" width=\"1024\" height=\"584\" src=\"https:\/\/sustainable-data-platform.org\/wp-content\/uploads\/2026\/02\/cliff-structure-1024x584.jpg\" alt=\"\" class=\"wp-image-5300\" srcset=\"https:\/\/sustainable-data-platform.org\/wp-content\/uploads\/2026\/02\/cliff-structure-1024x584.jpg 1024w, https:\/\/sustainable-data-platform.org\/wp-content\/uploads\/2026\/02\/cliff-structure-300x171.jpg 300w, https:\/\/sustainable-data-platform.org\/wp-content\/uploads\/2026\/02\/cliff-structure-768x438.jpg 768w, https:\/\/sustainable-data-platform.org\/wp-content\/uploads\/2026\/02\/cliff-structure-1536x877.jpg 1536w, https:\/\/sustainable-data-platform.org\/wp-content\/uploads\/2026\/02\/cliff-structure-1568x895.jpg 1568w, https:\/\/sustainable-data-platform.org\/wp-content\/uploads\/2026\/02\/cliff-structure.jpg 1647w\" sizes=\"auto, (max-width: 1024px) 100vw, 1024px\" \/><figcaption class=\"wp-element-caption\"><em>Fig. 1: Preliminary considerations of the CLIFF umbrella structure<\/em><\/figcaption><\/figure>\n\n\n\n<p class=\"has-primary-color has-text-color has-link-color has-small-font-size wp-elements-ecd07b46abc2fbdd5648ba918f8ce350\">At the CLIFF kick-off meeting examples will be given of how independent and open data can support science, industry, and decision-makers from civil society and politics. The status of organizational preparations for specific \u201cfirefighting operations,\u201d e.g., with foundations, will be explained.<\/p>\n\n\n\n<p class=\"has-primary-color has-text-color has-link-color has-small-font-size wp-elements-1bc1d23b7b89b2e315c979baee705284\"><strong>CALL TO ACTION<\/strong><\/p>\n\n\n\n<p class=\"has-primary-color has-text-color has-link-color has-small-font-size wp-elements-bf8016d45f320ed375c7440468c81301\">The successful implementation of the CLIFF Initiative requires a combination of interdisciplinary cooperation and research, promotion of best practices, education, training, and advocacy. Experts from diverse disciplines are invited to join the initiative, bring in their expertise, and develop CLIFF as an umbrella structure as well as collaborate in research projects to fill the identified gaps.<\/p>\n\n\n\n<p class=\"has-primary-color has-text-color has-link-color has-small-font-size wp-elements-ce9ffd4dfdd846aebd045c65443e45ea\">Support the CLIFF Initiative as an overarching framework for evidence-based action towards sustainable climate neutrality, providing clarity and tools for effective climate action. Thereby, you empower decision-makers with the clarity and tools they need for effective climate action that is the foundation of a sustainable and just future for them, their children and everyone else on planet Earth.<\/p>\n\n\n\n<div class=\"wp-block-buttons is-horizontal is-content-justification-center is-layout-flex wp-container-core-buttons-is-layout-03627597 wp-block-buttons-is-layout-flex\">\n<div class=\"wp-block-button is-style-outline is-style-outline--2\"><a class=\"wp-block-button__link has-background-color has-text-color has-background wp-element-button\" href=\"https:\/\/sustainable-data-platform.org\/en\/contact\/\" style=\"border-radius:16px;background-color:#f90202\" target=\"_blank\" rel=\"noreferrer noopener\">JOIN CLIFF<\/a><\/div>\n<\/div>\n\n\n\n<p class=\"has-primary-color has-text-color has-link-color has-small-font-size wp-elements-d9763b562e2b20192316fc37409c377a\"><strong>ABOUT <\/strong><\/p>\n\n\n\n<p class=\"has-primary-color has-text-color has-link-color has-small-font-size wp-elements-9f4b32132b1dfb16757708fdab69fd67\">* This website contains the text of the abstract for the CLIFF poster for <a href=\"https:\/\/isec-conference.at\/frontend\/index.php\" target=\"_blank\" rel=\"noreferrer noopener\">ISEC 2026<\/a>. We thank the <a href=\"https:\/\/australianfirefightersclimatealliance.org\/\" target=\"_blank\" rel=\"noreferrer noopener\">Australian Firefighters Climate Alliance<\/a> (AFCA) for their friendly allowance to use their images. <\/p>\n\n\n\n<p class=\"has-primary-color has-text-color has-link-color has-small-font-size wp-elements-9d2cf0cbf230ecf9bd3b14d62872384d\">The text is a joint statement by J\u00f6rg Ortjohann<sup>1<\/sup>, Dr. Andrej Jentsch<sup>2<\/sup>, Tomislav Novosel<sup>3<\/sup>, Prof. Dr. Urban Persson<sup>4<\/sup>, Dr. Teodora-Emilia Motoasca<sup>5<\/sup>, Benjamin K\u00f6hler<sup>6<\/sup>, Dr. Tobias Weiss<sup>7<\/sup> and Christoph Moser<sup>7<\/sup>.<br><br>1 &#8211; Contact adress: Stiftung Energieeffizienz, Weyerstr. 32, 50676 K\u00f6ln, Germany: Phone +49 221 54657-05, E-Mail: j.ortjohann@stiftung-energieeffizienz.org<br>2 &#8211; AGFW | Der Energieeffizienzverband f\u00fcr W\u00e4rme, K\u00e4lte und KWK e. V., Stresemannallee 30, 60596 Frankfurt, Germany<br>3 &#8211; Stichting The Institute for European Energy and Climate Policy (IEECP), Amsterdam Sloterdijk Teleport Towers Kingsfordweg 151, Amsterdam, 1043GR, Netherlands<br>4 &#8211; Halmstad University, Kristian IV:s v\u00e4g 3, 301 18 Halmstad, Sweden<br>5 &#8211; Energy expert, 9090 Merelbeke-Melle, Belgium<br>6 &#8211; \u00d6ko-Institut, Merzhauser Stra\u00dfe 173, 79117 Freiburg, Germany<br>7 &#8211; AEE &#8211; Institut f\u00fcr Nachhaltige Technologien, Feldgasse 19, 8200 Gleisdorf, Austria<\/p>\n\n\n<p>","protected":false},"excerpt":{"rendered":"<p>CLIFF: The CLIMATE FIREFIGHTER INITIATIVE This contribution* presents the network idea of a voluntary international climate protection fire brigade, in which initiatives, researchers, and foundations, among others, work together. It describes the overarching framework for evidence-based action towards climate neutrality, providing clarity and tools for effective climate action! Despite global commitments, we are not on<a class=\"more-link\" href=\"https:\/\/sustainable-data-platform.org\/en\/cliff\/\">Continue reading <span class=\"screen-reader-text\">&#8220;CLIFF&#8221;<\/span><\/a><\/p>\n","protected":false},"author":2,"featured_media":0,"parent":0,"menu_order":0,"comment_status":"closed","ping_status":"closed","template":"","meta":{"inline_featured_image":false,"footnotes":""},"class_list":["post-5255","page","type-page","status-publish","hentry","entry"],"translation":{"provider":"WPGlobus","version":"3.0.0","language":"en","enabled_languages":["de","en"],"languages":{"de":{"title":true,"content":true,"excerpt":false},"en":{"title":true,"content":true,"excerpt":false}}},"_links":{"self":[{"href":"https:\/\/sustainable-data-platform.org\/en\/wp-json\/wp\/v2\/pages\/5255","targetHints":{"allow":["GET"]}}],"collection":[{"href":"https:\/\/sustainable-data-platform.org\/en\/wp-json\/wp\/v2\/pages"}],"about":[{"href":"https:\/\/sustainable-data-platform.org\/en\/wp-json\/wp\/v2\/types\/page"}],"author":[{"embeddable":true,"href":"https:\/\/sustainable-data-platform.org\/en\/wp-json\/wp\/v2\/users\/2"}],"replies":[{"embeddable":true,"href":"https:\/\/sustainable-data-platform.org\/en\/wp-json\/wp\/v2\/comments?post=5255"}],"version-history":[{"count":74,"href":"https:\/\/sustainable-data-platform.org\/en\/wp-json\/wp\/v2\/pages\/5255\/revisions"}],"predecessor-version":[{"id":5481,"href":"https:\/\/sustainable-data-platform.org\/en\/wp-json\/wp\/v2\/pages\/5255\/revisions\/5481"}],"wp:attachment":[{"href":"https:\/\/sustainable-data-platform.org\/en\/wp-json\/wp\/v2\/media?parent=5255"}],"curies":[{"name":"wp","href":"https:\/\/api.w.org\/{rel}","templated":true}]}}